{"id":178,"date":"2024-09-27T11:13:19","date_gmt":"2024-09-27T11:13:19","guid":{"rendered":"https:\/\/dorfverein-lorbach.de\/?page_id=178"},"modified":"2025-09-24T06:57:44","modified_gmt":"2025-09-24T06:57:44","slug":"chronik","status":"publish","type":"page","link":"https:\/\/dorfverein-lorbach.de\/?page_id=178","title":{"rendered":"Vereinschronik"},"content":{"rendered":"\n<p>1975 trafen sich die Lorbacher Vereine, um das 1200-j\u00e4hrige Bestehen Lorbachs mit einem Fest zu feiern. Man stellte fest, dass dies einem Verein allein nicht m\u00f6glich sein w\u00fcrde. Es entstand ein gemeinsam geplantes, organisiertes und durchgef\u00fchrtes Fest. Die 4-t\u00e4gige Feier gipfelte in einem Festumzug am Sonntag. Von dem die, die dabei waren, noch heute schw\u00e4rmen. Der Erfolg des Festes motivierte, weiterhin in einem losen Zusammenschluss verbunden zu bleiben. Man nannte sich Vereinsgemeinschaft Lorbach. \u00dcber 50 Jahre hatte diese Gemeinschaft Bestand. Man stimmte sich \u00fcber Termine ab, damit die Vereine nicht zeitgleich Feste feierten, veranstaltet gemeinsam die Kerb und den Nikolausumzug oder legte fest, welcher Verein das seitdem bestehende Brunnenfest ausrichtet.<\/p>\n\n\n\n<p>Wie \u00fcberall in Deutschland waren \u00fcber die Jahre die Mitgliederzahlen in den Vereinen r\u00fcckl\u00e4ufig. Zu Beginn der 2020er-Jahre hatten die einzelnen Vereine Schwierigkeiten das Brunnenfest mit ihren eigenen Mitgliedern zu stemmen und so entstand die Idee das Brunnenfest als Gemeinschaft auszurichten. Jeder Verein stellte k\u00fcnftig f\u00fcr die Veranstaltung Helfer. Da die Vereinsgemeinschaft aber kein Verein war, sondern ein loser Zusammenschluss, stellte dies die Gruppe zunehmend vor besondere Herausforderungen: Wer darf rechtssicher Auftr\u00e4ge vergeben, wie erfolgt die Versteuerung der Gewinne von Veranstaltungen, keine M\u00f6glichkeit Spendenquittungen auszustellen, wer haftet bei Veranstaltungen?&nbsp; u.v.m<\/p>\n\n\n\n<p>Um speziell die rechtlichen Rahmenbedingungen von Veranstaltungen absichern zu k\u00f6nnen, wurde aus den Mitgliedern der Vereinsgemeinschaft ein Dorfverein gegr\u00fcndet. Man m\u00f6chte weiterhin die Kraft der einzelnen Vereine b\u00fcndeln, aber auch andere Personen ansprechen, die nicht den bestehenden Vereinen angeh\u00f6ren. Somit wurde die Vereinsgemeinschaft mit dem Dorfverein zusammengelegt. &nbsp;<\/p>\n\n\n\n<p>Gemeinsam arbeiteten die Mitglieder der Vereinsgemeinschaft an einer Satzung. Der neue Dorfverein sollte ehrenamtlich t\u00e4tig sein und die Heimat-pflege und Heimatkunde, den Denkmalschutz und die Denkmalpflege, Kunst und Kultur, den Naturschutz und die Landschaftspflege, sowie das b\u00fcrgerschaftliche Engagement f\u00f6rdern.<\/p>\n\n\n\n<p><strong>2024<\/strong><\/p>\n\n\n\n<p>Am 08.04.2024 lud Toni M\u00f6ller, im Namen der Vereinsgemeinschaft, in das Feuerwehrger\u00e4tehaus Lorbach ein, zur Gr\u00fcndung des neuen Dorfvereins. An diesem Abend kamen 18 Personen zusammen, um \u00fcber die Satzung abzustimmen und den Vorstand zu w\u00e4hlen. Laut Satzung sollte der Vorstand aus 13 Personen bestehen. Der 1. Vorsitzendem, sein Stellvertreter und der Kassenwart bildeten den gesch\u00e4ftsf\u00fchrenden Vorstand. Unterst\u00fctz werden sollten sie durch den Schriftf\u00fchrer und 9 Beisitzer. &nbsp;&nbsp;<\/p>\n\n\n\n<p>Die Wahlen waren schnell vollzogen und zum ersten Vorstand des Dorfverein Lorbach e.V. z\u00e4hlten:<\/p>\n\n\n\n<figure class=\"wp-block-table is-style-stripes\"><table class=\"has-fixed-layout\"><tbody><tr><td>Erster Vorsitzender&nbsp;<\/td><td>Mathias Wiegand<\/td><\/tr><tr><td>Zweite Vorsitzende<\/td><td>Ramona Weinel<\/td><\/tr><tr><td>Kassenwartin&nbsp;&nbsp;<\/td><td>Katharina Kneifl<\/td><\/tr><tr><td>Schriftf\u00fchrerin<\/td><td>Anika Faust<\/td><\/tr><tr><td>Beisitzerin<\/td><td>Silke Hohs (KCV Lorbach)<\/td><\/tr><tr><td>Beisitzerin<\/td><td>Ingrid K\u00f6nig (Gesangverein Eintracht Lorbach e.V.)<\/td><\/tr><tr><td>Beisitzerin&nbsp;<\/td><td>Ute Borntr\u00e4ger (Die Aktiven)<\/td><\/tr><tr><td>Beisitzer&nbsp;&nbsp;&nbsp;&nbsp;<\/td><td>Edgar Arnold (TTG B\u00fcdingen-Lorbach)<\/td><\/tr><tr><td>Beisitzer&nbsp;&nbsp;&nbsp;&nbsp;<\/td><td>Thorsten B\u00fccking (Natur- und Vogelschutz Lorbach e.V.)<\/td><\/tr><tr><td>Beisitzer&nbsp;&nbsp;&nbsp;&nbsp;<\/td><td>Jochen K\u00f6hler (Rassegefl\u00fcgelzuchtverein 1951 Lorbach)<\/td><\/tr><tr><td>Beisitzer&nbsp;&nbsp;&nbsp;&nbsp;<\/td><td>Willi Borntr\u00e4ger (1.FC Lorbach)<\/td><\/tr><tr><td>Beisitzer&nbsp;&nbsp;&nbsp;&nbsp;<\/td><td>Oliver Osenberg (Freiwillige Feuerwehr Lorbach)<\/td><\/tr><tr><td>Beisitzer&nbsp;&nbsp;&nbsp;&nbsp;<\/td><td>Bodo Prei\u00dfer (Verein der Freunde des Herrnhaag)<\/td><\/tr><\/tbody><\/table><\/figure>\n\n\n\n<p>Der Vorstand wurde auf zwei Jahre gew\u00e4hlt und jeder Lorbacher Verein, der zuvor zur Vereinsgemeinschaft z\u00e4hlte, war durch einen Beisitzer im neuen Vorstand vertreten.&nbsp;<\/p>\n\n\n<div class=\"wp-block-image\">\n<figure class=\"alignright size-full is-resized\"><img loading=\"lazy\" decoding=\"async\" width=\"962\" height=\"962\" src=\"https:\/\/dorfverein-lorbach.de\/wp-content\/uploads\/2024\/09\/Logo-Dorfverein-blau-Vektor.jpg\" alt=\"\" class=\"wp-image-191\" style=\"width:224px;height:auto\" srcset=\"https:\/\/dorfverein-lorbach.de\/wp-content\/uploads\/2024\/09\/Logo-Dorfverein-blau-Vektor.jpg 962w, https:\/\/dorfverein-lorbach.de\/wp-content\/uploads\/2024\/09\/Logo-Dorfverein-blau-Vektor-300x300.jpg 300w, https:\/\/dorfverein-lorbach.de\/wp-content\/uploads\/2024\/09\/Logo-Dorfverein-blau-Vektor-150x150.jpg 150w, https:\/\/dorfverein-lorbach.de\/wp-content\/uploads\/2024\/09\/Logo-Dorfverein-blau-Vektor-768x768.jpg 768w, https:\/\/dorfverein-lorbach.de\/wp-content\/uploads\/2024\/09\/Logo-Dorfverein-blau-Vektor-100x100.jpg 100w, https:\/\/dorfverein-lorbach.de\/wp-content\/uploads\/2024\/09\/Logo-Dorfverein-blau-Vektor-350x350.jpg 350w\" sizes=\"auto, (max-width: 962px) 100vw, 962px\" \/><\/figure>\n<\/div>\n\n\n<p>Das Vereinslogo wurde von Toni M\u00f6ller&nbsp;entworfen und zeigt unsere denkmalgesch\u00fctzte Schule, die das Wahrzeichen des Dorfes ist. Der Ring drum herum soll den Zusammenhalt der Gemeinde symbolisieren und die blaue Farbe steht f\u00fcr das Vertrauen, das wir in unsere Dorfgemeinschaft setzen. &nbsp;<\/p>\n\n\n\n<p>Die erste Aktion des neu gegr\u00fcndeten Vereins war im M\u00e4rz 2024 die M\u00fcllsammelaktion in und um Lorbach. Diese Aufgabe war zuvor viele Jahre vom Ortsbeirat \u00fcbernommen worden und wurde nun vom Dorfverein fortgef\u00fchrt. Zahlreiche Helfer aus der Dorfgemeinschaft beteiligten sich und s\u00e4uberten Wege, Stra\u00dfenr\u00e4nder und Fl\u00e4chen im Ort. Die Resonanz war sehr positiv, sodass diese Aktion k\u00fcnftig fest zum Jahresablauf des Vereins geh\u00f6ren soll.<\/p>\n\n\n\n<p>Es folgten weitere Aktivit\u00e4ten wie die Teilnahme an der B\u00fcdinger Froschparade im Mai mit einem eigenen Umzugswagen, die Reinigung und Instandsetzung des Lorbacher Brunnens im Juli und die Restaurierung sowie Installation der Ortseingangsschilder im August 2024. Ebenfalls im August 2024 richtete der Dorfverein das Brunnenfest aus, das mit der Unterst\u00fctzung und Erfahrung der Lorbacher Vereine an den Erfolg der Vorjahre anschlie\u00dfen konnte.<\/p>\n\n\n\n<p>Am 06. Dezember 2024 f\u00fchrte der Dorfverein Lorbach e.V. die Tradition der ehemaligen Vereinsgemeinschaft fort und richtete den Nikolausumzug mit anschlie\u00dfendem Fest im Hof Nagel aus. Viele Kinder nahmen teil und freuten sich \u00fcber den Besuch des Nikolaus, w\u00e4hrend die Erwachsenen den Abend in geselliger Runde ausklingen lie\u00dfen.<\/p>\n\n\n\n<p><strong>2025<\/strong><\/p>\n\n\n\n<p>Am Aschermittwoch, den 05. M\u00e4rz 2025, lud der Verein erstmals zum traditionellen Heringsessen ein. Damit \u00fcbernahm der Dorfverein einen weiteren festen Bestandteil des Lorbacher Dorflebens und f\u00fchrte die liebgewonnene Tradition mit neuem Schwung fort.<\/p>\n\n\n\n<p>Am 19. Mai 2025 fand die erste Mitgliederversammlung des Dorfvereins Lorbach e.V. im Dorfgemeinschaftshaus statt. Dabei blickte man nicht nur auf die erfolgreichen Aktivit\u00e4ten des Vorjahres zur\u00fcck, sondern beschloss auch eine Satzungs\u00e4nderung, um die Arbeit des Vereins rechtlich und organisatorisch noch besser abzusichern. Die Versammlung best\u00e4tigte die Ausrichtung an den gemeinn\u00fctzigen Zielen, insbesondere die F\u00f6rderung von Kunst und Kultur, Heimatpflege, Denkmalschutz, Naturschutz und b\u00fcrgerschaftlichem Engagement.<\/p>\n\n\n\n<p>Ein H\u00f6hepunkt des Jahres war die intensive Vorbereitung des Jubil\u00e4umsfestes \u201e1250 Jahre Lorbach\u201c. Der Dorfverein trat hierbei nicht nur als Mitwirkender auf, sondern \u00fcbernahm die komplette Organisation des Festes. Zur Planung wurde ein 12-k\u00f6pfiger Festausschuss gebildet, der sich regelm\u00e4\u00dfig \u00fcber mehrere Monate hinweg traf. In insgesamt 44 Sitzungen, wurde ein dreit\u00e4giges Festwochenende auf die Beine gestellt, das sch\u00f6ner nicht h\u00e4tte sein k\u00f6nnen.<\/p>\n\n\n\n<p>Im Herbst 2025 begann schlie\u00dflich die Planung f\u00fcr die Instandsetzung weiterer historischer Wegkreuze im Lorbacher Feld. Mit diesem Projekt kn\u00fcpfte der Dorfverein an das satzungsgem\u00e4\u00dfe Ziel an, Heimatpflege und Denkmalschutz aktiv zu f\u00f6rdern.<\/p>\n\n\n\n<p>So zeigte sich bereits im zweiten Jahr nach seiner Gr\u00fcndung, dass der Dorfverein Lorbach e.V. die Tradition der Vereinsgemeinschaft erfolgreich fortf\u00fchrt, den Zusammenhalt st\u00e4rkt und das Dorfleben aktiv gestaltet \u2013 mit dem Ziel, Bew\u00e4hrtes zu bewahren und zugleich Neues zu schaffen.<\/p>\n","protected":false},"excerpt":{"rendered":"<p>1975 trafen sich die Lorbacher Vereine, um das 1200-j\u00e4hrige Bestehen Lorbachs mit einem Fest zu feiern. Man stellte fest, dass dies einem Verein allein nicht m\u00f6glich sein w\u00fcrde. Es entstand ein gemeinsam geplantes, organisiertes und durchgef\u00fchrtes Fest. Die 4-t\u00e4gige Feier gipfelte in einem Festumzug am Sonntag. Von dem die, die dabei waren, noch heute schw\u00e4rmen. [&hellip;]<\/p>\n","protected":false},"author":2,"featured_media":0,"parent":0,"menu_order":0,"comment_status":"closed","ping_status":"closed","template":"","meta":{"footnotes":""},"class_list":["post-178","page","type-page","status-publish","hentry"],"jetpack_sharing_enabled":true,"_links":{"self":[{"href":"https:\/\/dorfverein-lorbach.de\/index.php?rest_route=\/wp\/v2\/pages\/178","targetHints":{"allow":["GET"]}}],"collection":[{"href":"https:\/\/dorfverein-lorbach.de\/index.php?rest_route=\/wp\/v2\/pages"}],"about":[{"href":"https:\/\/dorfverein-lorbach.de\/index.php?rest_route=\/wp\/v2\/types\/page"}],"author":[{"embeddable":true,"href":"https:\/\/dorfverein-lorbach.de\/index.php?rest_route=\/wp\/v2\/users\/2"}],"replies":[{"embeddable":true,"href":"https:\/\/dorfverein-lorbach.de\/index.php?rest_route=%2Fwp%2Fv2%2Fcomments&post=178"}],"version-history":[{"count":16,"href":"https:\/\/dorfverein-lorbach.de\/index.php?rest_route=\/wp\/v2\/pages\/178\/revisions"}],"predecessor-version":[{"id":606,"href":"https:\/\/dorfverein-lorbach.de\/index.php?rest_route=\/wp\/v2\/pages\/178\/revisions\/606"}],"wp:attachment":[{"href":"https:\/\/dorfverein-lorbach.de\/index.php?rest_route=%2Fwp%2Fv2%2Fmedia&parent=178"}],"curies":[{"name":"wp","href":"https:\/\/api.w.org\/{rel}","templated":true}]}}