{"id":2,"date":"2024-08-02T09:04:07","date_gmt":"2024-08-02T09:04:07","guid":{"rendered":"https:\/\/dorfverein-lorbach.de\/?page_id=2"},"modified":"2024-08-02T15:32:36","modified_gmt":"2024-08-02T15:32:36","slug":"sample-page","status":"publish","type":"page","link":"https:\/\/dorfverein-lorbach.de\/","title":{"rendered":"Dorfverein Lorbach e.V."},"content":{"rendered":"\n<p>Willkommen auf der Webseite des Dorfverein Lorbach!<\/p>\n\n\n\n<p>Der Verein wurde im April 2024 neu gegr\u00fcndet und hat es sich zur Aufgabe gemacht, die d\u00f6rfliche Struktur zu f\u00f6rdern und weiterzuentwickeln. Wir setzen uns besonders f\u00fcr die Heimatpflege, den Denkmalschutz und den Naturschutz ein. Dabei ist uns die Entwicklung des b\u00fcrgerschaftlichen Engagements ein wichtiges Anliegen, um den Zusammenhalt der Gemeinschaft zu st\u00e4rken.<\/p>\n\n\n\n<p>Wir sind Lorbach<\/p>\n\n\n\n<p><\/p>\n","protected":false},"excerpt":{"rendered":"<p>Willkommen auf der Webseite des Dorfverein Lorbach! Der Verein wurde im April 2024 neu gegr\u00fcndet und hat es sich zur Aufgabe gemacht, die d\u00f6rfliche Struktur zu f\u00f6rdern und weiterzuentwickeln. Wir setzen uns besonders f\u00fcr die Heimatpflege, den Denkmalschutz und den Naturschutz ein. Dabei ist uns die Entwicklung des b\u00fcrgerschaftlichen Engagements ein wichtiges Anliegen, um den [&hellip;]<\/p>\n","protected":false},"author":1,"featured_media":0,"parent":0,"menu_order":0,"comment_status":"closed","ping_status":"closed","template":"","meta":{"footnotes":""},"class_list":["post-2","page","type-page","status-publish","hentry"],"jetpack_sharing_enabled":true,"_links":{"self":[{"href":"https:\/\/dorfverein-lorbach.de\/index.php?rest_route=\/wp\/v2\/pages\/2","targetHints":{"allow":["GET"]}}],"collection":[{"href":"https:\/\/dorfverein-lorbach.de\/index.php?rest_route=\/wp\/v2\/pages"}],"about":[{"href":"https:\/\/dorfverein-lorbach.de\/index.php?rest_route=\/wp\/v2\/types\/page"}],"author":[{"embeddable":true,"href":"https:\/\/dorfverein-lorbach.de\/index.php?rest_route=\/wp\/v2\/users\/1"}],"replies":[{"embeddable":true,"href":"https:\/\/dorfverein-lorbach.de\/index.php?rest_route=%2Fwp%2Fv2%2Fcomments&post=2"}],"version-history":[{"count":8,"href":"https:\/\/dorfverein-lorbach.de\/index.php?rest_route=\/wp\/v2\/pages\/2\/revisions"}],"predecessor-version":[{"id":104,"href":"https:\/\/dorfverein-lorbach.de\/index.php?rest_route=\/wp\/v2\/pages\/2\/revisions\/104"}],"wp:attachment":[{"href":"https:\/\/dorfverein-lorbach.de\/index.php?rest_route=%2Fwp%2Fv2%2Fmedia&parent=2"}],"curies":[{"name":"wp","href":"https:\/\/api.w.org\/{rel}","templated":true}]}}