{"id":449,"date":"2025-03-18T06:13:14","date_gmt":"2025-03-18T06:13:14","guid":{"rendered":"https:\/\/dorfverein-lorbach.de\/?page_id=449"},"modified":"2025-03-18T06:13:14","modified_gmt":"2025-03-18T06:13:14","slug":"unterstuetzen-sie-unseren-verein-mit-einer-spende","status":"publish","type":"page","link":"https:\/\/dorfverein-lorbach.de\/?page_id=449","title":{"rendered":"Unterst\u00fctzen Sie unseren Verein mit einer Spende"},"content":{"rendered":"\n<p>Unser Dorfverein Lorbach e.V. ist als gemeinn\u00fctzig anerkannt. Ihre Spende hilft uns, wichtige Projekte f\u00fcr unsere Dorfgemeinschaft umzusetzen. <\/p>\n\n\n\n<p class=\"has-medium-font-size\"><strong>Steuerliche Vorteile Ihrer Spende<\/strong><\/p>\n\n\n\n<p>Spenden an unseren Verein k\u00f6nnen in Deutschland steuerlich geltend gemacht werden. Bis zu einem Betrag von 300 Euro gen\u00fcgt hierf\u00fcr ein einfacher Kontoauszug gegen\u00fcber dem Finanzamt. <\/p>\n\n\n\n<p>Auf Wunsch stellen wir Ihnen gerne eine Spendenbescheinigung aus &#8211; unabh\u00e4ngig von der H\u00f6he Ihrer Spende. <a href=\"https:\/\/dorfverein-lorbach.de\/?page_id=29\" data-type=\"page\" data-id=\"29\">Kontaktieren<\/a> Sie uns hierzu einfach.<\/p>\n\n\n\n<p class=\"has-medium-font-size\"><strong>Unsere Bankverbindung <\/strong><\/p>\n\n\n\n<figure class=\"wp-block-table is-style-stripes\"><table class=\"has-fixed-layout\"><tbody><tr><td>Dorfverein Lorbach e.V.<\/td><\/tr><tr><td>IBAN: DE46 5066 1639 0004 9050 16<\/td><\/tr><tr><td>BIC: GENODEF1LSR<\/td><\/tr><tr><td>Verwendungszweck: &#8222;Spende f\u00fcr gemeinn\u00fctzige Zwecke&#8220;<\/td><\/tr><tr><td>VR Bank Main-Kinzig B\u00fcdingen<\/td><\/tr><\/tbody><\/table><\/figure>\n\n\n\n<p><\/p>\n","protected":false},"excerpt":{"rendered":"<p>Unser Dorfverein Lorbach e.V. ist als gemeinn\u00fctzig anerkannt. Ihre Spende hilft uns, wichtige Projekte f\u00fcr unsere Dorfgemeinschaft umzusetzen. Steuerliche Vorteile Ihrer Spende Spenden an unseren Verein k\u00f6nnen in Deutschland steuerlich geltend gemacht werden. Bis zu einem Betrag von 300 Euro gen\u00fcgt hierf\u00fcr ein einfacher Kontoauszug gegen\u00fcber dem Finanzamt. Auf Wunsch stellen wir Ihnen gerne eine [&hellip;]<\/p>\n","protected":false},"author":2,"featured_media":0,"parent":0,"menu_order":0,"comment_status":"closed","ping_status":"closed","template":"","meta":{"footnotes":""},"class_list":["post-449","page","type-page","status-publish","hentry"],"jetpack_sharing_enabled":true,"_links":{"self":[{"href":"https:\/\/dorfverein-lorbach.de\/index.php?rest_route=\/wp\/v2\/pages\/449","targetHints":{"allow":["GET"]}}],"collection":[{"href":"https:\/\/dorfverein-lorbach.de\/index.php?rest_route=\/wp\/v2\/pages"}],"about":[{"href":"https:\/\/dorfverein-lorbach.de\/index.php?rest_route=\/wp\/v2\/types\/page"}],"author":[{"embeddable":true,"href":"https:\/\/dorfverein-lorbach.de\/index.php?rest_route=\/wp\/v2\/users\/2"}],"replies":[{"embeddable":true,"href":"https:\/\/dorfverein-lorbach.de\/index.php?rest_route=%2Fwp%2Fv2%2Fcomments&post=449"}],"version-history":[{"count":2,"href":"https:\/\/dorfverein-lorbach.de\/index.php?rest_route=\/wp\/v2\/pages\/449\/revisions"}],"predecessor-version":[{"id":451,"href":"https:\/\/dorfverein-lorbach.de\/index.php?rest_route=\/wp\/v2\/pages\/449\/revisions\/451"}],"wp:attachment":[{"href":"https:\/\/dorfverein-lorbach.de\/index.php?rest_route=%2Fwp%2Fv2%2Fmedia&parent=449"}],"curies":[{"name":"wp","href":"https:\/\/api.w.org\/{rel}","templated":true}]}}