{"id":81,"date":"2024-08-02T11:30:11","date_gmt":"2024-08-02T11:30:11","guid":{"rendered":"https:\/\/dorfverein-lorbach.de\/?page_id=81"},"modified":"2025-02-01T07:11:17","modified_gmt":"2025-02-01T07:11:17","slug":"mitglied-werden","status":"publish","type":"page","link":"https:\/\/dorfverein-lorbach.de\/?page_id=81","title":{"rendered":"Mitglied werden"},"content":{"rendered":"\n<p>Laden sie sich hier unsere Beitrittserkl\u00e4rung inkl. eines SEPA Lastschriftmandats herunter. <\/p>\n\n\n\n<p>Die Formulare bitte ausgef\u00fcllt und unterzeichnet an Dorfverein Lorbach, A. Faust, Herrnhuter Str.48, 63654 B\u00fcdingen-Lorbach schicken oder einfach in den Briefkasten werfen.<\/p>\n\n\n\n<div data-wp-interactive=\"core\/file\" class=\"wp-block-file\"><object data-wp-bind--hidden=\"!state.hasPdfPreview\" hidden class=\"wp-block-file__embed\" data=\"https:\/\/dorfverein-lorbach.de\/wp-content\/uploads\/2025\/02\/Betrittserklaerung-Dorfverein-Lorbach.pdf\" type=\"application\/pdf\" style=\"width:100%;height:600px\" aria-label=\"Einbettung von Betrittserkl\u00e4rung Dorfverein Lorbach.\"><\/object><a id=\"wp-block-file--media-7b48e9f8-fa26-46dd-80b1-e8e4a4efb881\" href=\"https:\/\/dorfverein-lorbach.de\/wp-content\/uploads\/2025\/02\/Betrittserklaerung-Dorfverein-Lorbach.pdf\">Betrittserkl\u00e4rung Dorfverein Lorbach<\/a><a href=\"https:\/\/dorfverein-lorbach.de\/wp-content\/uploads\/2025\/02\/Betrittserklaerung-Dorfverein-Lorbach.pdf\" class=\"wp-block-file__button wp-element-button\" download aria-describedby=\"wp-block-file--media-7b48e9f8-fa26-46dd-80b1-e8e4a4efb881\">Herunterladen<\/a><\/div>\n","protected":false},"excerpt":{"rendered":"<p>Laden sie sich hier unsere Beitrittserkl\u00e4rung inkl. eines SEPA Lastschriftmandats herunter. Die Formulare bitte ausgef\u00fcllt und unterzeichnet an Dorfverein Lorbach, A. Faust, Herrnhuter Str.48, 63654 B\u00fcdingen-Lorbach schicken oder einfach in den Briefkasten werfen.<\/p>\n","protected":false},"author":1,"featured_media":0,"parent":0,"menu_order":0,"comment_status":"closed","ping_status":"closed","template":"","meta":{"footnotes":""},"class_list":["post-81","page","type-page","status-publish","hentry"],"jetpack_sharing_enabled":true,"_links":{"self":[{"href":"https:\/\/dorfverein-lorbach.de\/index.php?rest_route=\/wp\/v2\/pages\/81","targetHints":{"allow":["GET"]}}],"collection":[{"href":"https:\/\/dorfverein-lorbach.de\/index.php?rest_route=\/wp\/v2\/pages"}],"about":[{"href":"https:\/\/dorfverein-lorbach.de\/index.php?rest_route=\/wp\/v2\/types\/page"}],"author":[{"embeddable":true,"href":"https:\/\/dorfverein-lorbach.de\/index.php?rest_route=\/wp\/v2\/users\/1"}],"replies":[{"embeddable":true,"href":"https:\/\/dorfverein-lorbach.de\/index.php?rest_route=%2Fwp%2Fv2%2Fcomments&post=81"}],"version-history":[{"count":6,"href":"https:\/\/dorfverein-lorbach.de\/index.php?rest_route=\/wp\/v2\/pages\/81\/revisions"}],"predecessor-version":[{"id":389,"href":"https:\/\/dorfverein-lorbach.de\/index.php?rest_route=\/wp\/v2\/pages\/81\/revisions\/389"}],"wp:attachment":[{"href":"https:\/\/dorfverein-lorbach.de\/index.php?rest_route=%2Fwp%2Fv2%2Fmedia&parent=81"}],"curies":[{"name":"wp","href":"https:\/\/api.w.org\/{rel}","templated":true}]}}